{"id":834,"date":"2020-06-18T15:10:49","date_gmt":"2020-06-18T13:10:49","guid":{"rendered":"https:\/\/iskconmalaga.com\/boutique\/?post_type=product&#038;p=834"},"modified":"2024-12-13T19:22:36","modified_gmt":"2024-12-13T18:22:36","slug":"bhagavad-gita-tal-como-es-edicion-bolsillo","status":"publish","type":"product","link":"https:\/\/iskconmalaga.com\/boutique\/product\/bhagavad-gita-tal-como-es-edicion-bolsillo\/","title":{"rendered":"Bhagavad-gita Tal Como Es <br> Edici\u00f3n Bolsillo"},"content":{"rendered":"","protected":false},"excerpt":{"rendered":"<p>El poderoso guerrero Arjuna est\u00e1 a punto de enfrentarse a una gran batalla y sucumbe a una crisis existencial. Necesita que alguien completamente iluminado lo ayude a superar sus conflictos internos. Esta persona es K\u1e5b\u1e63\u1e47a, su viejo amigo que ahora actuar\u00e1 como su guru. K\u1e5b\u1e63\u1e47a recuerda a Arjuna sus deberes, qui\u00e9n realmente es y cu\u00e1l es el prop\u00f3sito de su vida.<\/p>\n<p>Desde hace milenios, el <em>Bhagavad-g\u012bt\u0101<\/em> ha sido apreciado por todo tipo de acad\u00e9micos y buscadores debido a su texto rico en ense\u00f1anzas de varios \u00e1mbitos, como comportamiento humano, organizaci\u00f3n social y teolog\u00eda. Esta obra cl\u00e1sica se destina a potenciar la vida de su lector. Y en esta edici\u00f3n, la m\u00e1s le\u00edda en todo el mundo, puedes encontrar el texto original y los comentarios eruditos que te ayudar\u00e1n a comprender la verdadera esencia del <em>Bhagavad-g\u012bt\u0101<\/em>.<\/p>\n","protected":false},"featured_media":1330,"comment_status":"closed","ping_status":"closed","template":"","meta":{"_acf_changed":false},"product_brand":[],"product_cat":[77],"product_tag":[78],"class_list":{"0":"post-834","1":"product","2":"type-product","3":"status-publish","4":"has-post-thumbnail","6":"product_cat-classics","7":"product_tag-spain","8":"product_shipping_class-medium","10":"first","11":"instock","12":"shipping-taxable","13":"purchasable","14":"product-type-simple"},"acf":[],"_links":{"self":[{"href":"https:\/\/iskconmalaga.com\/boutique\/wp-json\/wp\/v2\/product\/834","targetHints":{"allow":["GET"]}}],"collection":[{"href":"https:\/\/iskconmalaga.com\/boutique\/wp-json\/wp\/v2\/product"}],"about":[{"href":"https:\/\/iskconmalaga.com\/boutique\/wp-json\/wp\/v2\/types\/product"}],"replies":[{"embeddable":true,"href":"https:\/\/iskconmalaga.com\/boutique\/wp-json\/wp\/v2\/comments?post=834"}],"version-history":[{"count":0,"href":"https:\/\/iskconmalaga.com\/boutique\/wp-json\/wp\/v2\/product\/834\/revisions"}],"wp:featuredmedia":[{"embeddable":true,"href":"https:\/\/iskconmalaga.com\/boutique\/wp-json\/wp\/v2\/media\/1330"}],"wp:attachment":[{"href":"https:\/\/iskconmalaga.com\/boutique\/wp-json\/wp\/v2\/media?parent=834"}],"wp:term":[{"taxonomy":"product_brand","embeddable":true,"href":"https:\/\/iskconmalaga.com\/boutique\/wp-json\/wp\/v2\/product_brand?post=834"},{"taxonomy":"product_cat","embeddable":true,"href":"https:\/\/iskconmalaga.com\/boutique\/wp-json\/wp\/v2\/product_cat?post=834"},{"taxonomy":"product_tag","embeddable":true,"href":"https:\/\/iskconmalaga.com\/boutique\/wp-json\/wp\/v2\/product_tag?post=834"}],"curies":[{"name":"wp","href":"https:\/\/api.w.org\/{rel}","templated":true}]}}