{"id":80,"date":"2020-06-28T13:56:24","date_gmt":"2020-06-28T11:56:24","guid":{"rendered":"https:\/\/iskconmalaga.com\/boutique\/?post_type=product&#038;p=80"},"modified":"2025-06-03T14:41:22","modified_gmt":"2025-06-03T12:41:22","slug":"volver-a-nacer","status":"publish","type":"product","link":"https:\/\/iskconmalaga.com\/boutique\/product\/volver-a-nacer\/","title":{"rendered":"Volver A Nacer"},"content":{"rendered":"","protected":false},"excerpt":{"rendered":"<p>La explicaci\u00f3n m\u00e1s completa y f\u00e1cil de comprender publicada hasta hoy acerca de la reencarnaci\u00f3n.<\/p>\n<p>La vida no comienza al nacer ni termina al morir. \u00bfQu\u00e9 es exactamente lo que le acontece al Yo, tras abandonar su cuerpo actual? \u00bfTendr\u00e1 que seguir reencarnando eternamente? \u00bfC\u00f3mo ocurre realmente la encarnaci\u00f3n? \u00bfPodemos decidir nuestras futuras encarnaciones?<\/p>\n<p>Volver a nacerresuelve estos profundos y misteriosos enigmas presentando las explicaciones claras y completas, que proporcionan las m\u00e1s aut\u00e9nticas fuentes intemporales del conocimiento sobre la existencia en el m\u00e1s all\u00e1.<\/p>\n<p>En este libro se ense\u00f1a la ciencia de c\u00f3mo controlarel presente, c\u00f3mo determinar el futuro y c\u00f3mo cambiar prodigiosamente la propia vida.<\/p>\n","protected":false},"featured_media":905,"comment_status":"closed","ping_status":"closed","template":"","meta":{"_acf_changed":false},"product_brand":[],"product_cat":[77],"product_tag":[78],"class_list":{"0":"post-80","1":"product","2":"type-product","3":"status-publish","4":"has-post-thumbnail","6":"product_cat-classics","7":"product_tag-spain","8":"product_shipping_class-medium","10":"first","11":"instock","12":"shipping-taxable","13":"purchasable","14":"product-type-simple"},"acf":[],"_links":{"self":[{"href":"https:\/\/iskconmalaga.com\/boutique\/wp-json\/wp\/v2\/product\/80","targetHints":{"allow":["GET"]}}],"collection":[{"href":"https:\/\/iskconmalaga.com\/boutique\/wp-json\/wp\/v2\/product"}],"about":[{"href":"https:\/\/iskconmalaga.com\/boutique\/wp-json\/wp\/v2\/types\/product"}],"replies":[{"embeddable":true,"href":"https:\/\/iskconmalaga.com\/boutique\/wp-json\/wp\/v2\/comments?post=80"}],"version-history":[{"count":0,"href":"https:\/\/iskconmalaga.com\/boutique\/wp-json\/wp\/v2\/product\/80\/revisions"}],"wp:featuredmedia":[{"embeddable":true,"href":"https:\/\/iskconmalaga.com\/boutique\/wp-json\/wp\/v2\/media\/905"}],"wp:attachment":[{"href":"https:\/\/iskconmalaga.com\/boutique\/wp-json\/wp\/v2\/media?parent=80"}],"wp:term":[{"taxonomy":"product_brand","embeddable":true,"href":"https:\/\/iskconmalaga.com\/boutique\/wp-json\/wp\/v2\/product_brand?post=80"},{"taxonomy":"product_cat","embeddable":true,"href":"https:\/\/iskconmalaga.com\/boutique\/wp-json\/wp\/v2\/product_cat?post=80"},{"taxonomy":"product_tag","embeddable":true,"href":"https:\/\/iskconmalaga.com\/boutique\/wp-json\/wp\/v2\/product_tag?post=80"}],"curies":[{"name":"wp","href":"https:\/\/api.w.org\/{rel}","templated":true}]}}