{"id":76,"date":"2020-06-28T23:28:16","date_gmt":"2020-06-28T21:28:16","guid":{"rendered":"https:\/\/iskconmalaga.com\/boutique\/?post_type=product&#038;p=76"},"modified":"2025-12-12T09:14:16","modified_gmt":"2025-12-12T08:14:16","slug":"meditacion-y-superconciencia","status":"publish","type":"product","link":"https:\/\/iskconmalaga.com\/boutique\/product\/meditacion-y-superconciencia\/","title":{"rendered":"Meditaci\u00f3n Y Superconciencia"},"content":{"rendered":"","protected":false},"excerpt":{"rendered":"<p>As\u00ed como una l\u00e1mpara no tiembla en un lugar en el que no hay viento, as\u00ed mismo la persona cuya mente est\u00e1 controlada, siempre permanece fija en su meditaci\u00f3n en el ser trascendente.<\/p>\n","protected":false},"featured_media":902,"comment_status":"closed","ping_status":"closed","template":"","meta":{"_acf_changed":false},"product_brand":[],"product_cat":[74],"product_tag":[75],"class_list":{"0":"post-76","1":"product","2":"type-product","3":"status-publish","4":"has-post-thumbnail","6":"product_cat-bolsillo-libros","7":"product_tag-pocket","8":"product_shipping_class-medium","10":"first","11":"instock","12":"shipping-taxable","13":"purchasable","14":"product-type-simple"},"acf":[],"_links":{"self":[{"href":"https:\/\/iskconmalaga.com\/boutique\/wp-json\/wp\/v2\/product\/76","targetHints":{"allow":["GET"]}}],"collection":[{"href":"https:\/\/iskconmalaga.com\/boutique\/wp-json\/wp\/v2\/product"}],"about":[{"href":"https:\/\/iskconmalaga.com\/boutique\/wp-json\/wp\/v2\/types\/product"}],"replies":[{"embeddable":true,"href":"https:\/\/iskconmalaga.com\/boutique\/wp-json\/wp\/v2\/comments?post=76"}],"version-history":[{"count":0,"href":"https:\/\/iskconmalaga.com\/boutique\/wp-json\/wp\/v2\/product\/76\/revisions"}],"wp:featuredmedia":[{"embeddable":true,"href":"https:\/\/iskconmalaga.com\/boutique\/wp-json\/wp\/v2\/media\/902"}],"wp:attachment":[{"href":"https:\/\/iskconmalaga.com\/boutique\/wp-json\/wp\/v2\/media?parent=76"}],"wp:term":[{"taxonomy":"product_brand","embeddable":true,"href":"https:\/\/iskconmalaga.com\/boutique\/wp-json\/wp\/v2\/product_brand?post=76"},{"taxonomy":"product_cat","embeddable":true,"href":"https:\/\/iskconmalaga.com\/boutique\/wp-json\/wp\/v2\/product_cat?post=76"},{"taxonomy":"product_tag","embeddable":true,"href":"https:\/\/iskconmalaga.com\/boutique\/wp-json\/wp\/v2\/product_tag?post=76"}],"curies":[{"name":"wp","href":"https:\/\/api.w.org\/{rel}","templated":true}]}}