{"id":75,"date":"2020-06-28T23:22:41","date_gmt":"2020-06-28T21:22:41","guid":{"rendered":"https:\/\/iskconmalaga.com\/boutique\/?post_type=product&#038;p=75"},"modified":"2025-12-12T09:14:06","modified_gmt":"2025-12-12T08:14:06","slug":"mas-alla-del-nacimiento-y-de-la-muerte","status":"publish","type":"product","link":"https:\/\/iskconmalaga.com\/boutique\/product\/mas-alla-del-nacimiento-y-de-la-muerte\/","title":{"rendered":"Mas Alla Del Nacimiento Y De La Muerte"},"content":{"rendered":"","protected":false},"excerpt":{"rendered":"<p>El escritor m\u00e1s destacado de la era moderna sobre la filosof\u00eda y la cultura de la India nos explica en este libro c\u00f3mo practicar las disciplinas y la meditaci\u00f3n del yoga devocional para alcanzar finalmente el mundo que est\u00e1 m\u00e1s all\u00e1 del nacimiento y de la muerte.<\/p>\n","protected":false},"featured_media":897,"comment_status":"closed","ping_status":"closed","template":"","meta":{"_acf_changed":false},"product_brand":[],"product_cat":[74],"product_tag":[75],"class_list":{"0":"post-75","1":"product","2":"type-product","3":"status-publish","4":"has-post-thumbnail","6":"product_cat-bolsillo-libros","7":"product_tag-pocket","8":"product_shipping_class-medium","10":"first","11":"instock","12":"shipping-taxable","13":"purchasable","14":"product-type-simple"},"acf":[],"_links":{"self":[{"href":"https:\/\/iskconmalaga.com\/boutique\/wp-json\/wp\/v2\/product\/75","targetHints":{"allow":["GET"]}}],"collection":[{"href":"https:\/\/iskconmalaga.com\/boutique\/wp-json\/wp\/v2\/product"}],"about":[{"href":"https:\/\/iskconmalaga.com\/boutique\/wp-json\/wp\/v2\/types\/product"}],"replies":[{"embeddable":true,"href":"https:\/\/iskconmalaga.com\/boutique\/wp-json\/wp\/v2\/comments?post=75"}],"version-history":[{"count":0,"href":"https:\/\/iskconmalaga.com\/boutique\/wp-json\/wp\/v2\/product\/75\/revisions"}],"wp:featuredmedia":[{"embeddable":true,"href":"https:\/\/iskconmalaga.com\/boutique\/wp-json\/wp\/v2\/media\/897"}],"wp:attachment":[{"href":"https:\/\/iskconmalaga.com\/boutique\/wp-json\/wp\/v2\/media?parent=75"}],"wp:term":[{"taxonomy":"product_brand","embeddable":true,"href":"https:\/\/iskconmalaga.com\/boutique\/wp-json\/wp\/v2\/product_brand?post=75"},{"taxonomy":"product_cat","embeddable":true,"href":"https:\/\/iskconmalaga.com\/boutique\/wp-json\/wp\/v2\/product_cat?post=75"},{"taxonomy":"product_tag","embeddable":true,"href":"https:\/\/iskconmalaga.com\/boutique\/wp-json\/wp\/v2\/product_tag?post=75"}],"curies":[{"name":"wp","href":"https:\/\/api.w.org\/{rel}","templated":true}]}}