{"id":71,"date":"2020-06-18T15:35:00","date_gmt":"2020-06-18T13:35:00","guid":{"rendered":"https:\/\/iskconmalaga.com\/boutique\/?post_type=product&#038;p=71"},"modified":"2023-09-20T01:40:23","modified_gmt":"2023-09-19T23:40:23","slug":"las-ensenanzas-de-kapiladeva","status":"publish","type":"product","link":"https:\/\/iskconmalaga.com\/boutique\/product\/las-ensenanzas-de-kapiladeva\/","title":{"rendered":"Las Ensenanzas De Kapiladeva"},"content":{"rendered":"","protected":false},"excerpt":{"rendered":"<p>En una \u00e9poca del lejano pasado, advino en nuestro planeta el gran sabio Kapiladeva, el hijo de Devah\u016bti. Encontramos la historia de Su vida en las antiguas Escrituras reveladas de la India.<\/p>\n<p>Cuando el esposo de Devah\u016bti dej\u00f3 el hogar para irse a vivir al bosque, en b\u00fasqueda de la perfecci\u00f3n espiritual, Devah\u016bti pidi\u00f3 a su hijo que le mostrara el sendero de la iluminaci\u00f3n. Entonces Kapila le explic\u00f3 la filosof\u00eda <i>s\u0101\u1e45khya<\/i>, el sendero anal\u00edtico que lleva a una comprensi\u00f3n superior del mundo, del ser y de la causa original de todo.<\/p>\n<p>El autor, en este libro, explica las cualidades del maestro espiritual, la ciencia de la meditaci\u00f3n, la psicolog\u00eda de la conciencia, las caracter\u00edsticas de la persona autorrealizada, el secreto del conocimiento espiritual, y el proceso para alcanzar el plano m\u00e1s elevado de liberaci\u00f3n.<\/p>\n","protected":false},"featured_media":903,"comment_status":"closed","ping_status":"closed","template":"","meta":{"_acf_changed":false},"product_brand":[],"product_cat":[77],"product_tag":[78],"class_list":{"0":"post-71","1":"product","2":"type-product","3":"status-publish","4":"has-post-thumbnail","6":"product_cat-classics","7":"product_tag-spain","8":"product_shipping_class-medium","10":"first","11":"instock","12":"shipping-taxable","13":"purchasable","14":"product-type-simple"},"acf":[],"_links":{"self":[{"href":"https:\/\/iskconmalaga.com\/boutique\/wp-json\/wp\/v2\/product\/71","targetHints":{"allow":["GET"]}}],"collection":[{"href":"https:\/\/iskconmalaga.com\/boutique\/wp-json\/wp\/v2\/product"}],"about":[{"href":"https:\/\/iskconmalaga.com\/boutique\/wp-json\/wp\/v2\/types\/product"}],"replies":[{"embeddable":true,"href":"https:\/\/iskconmalaga.com\/boutique\/wp-json\/wp\/v2\/comments?post=71"}],"version-history":[{"count":0,"href":"https:\/\/iskconmalaga.com\/boutique\/wp-json\/wp\/v2\/product\/71\/revisions"}],"wp:featuredmedia":[{"embeddable":true,"href":"https:\/\/iskconmalaga.com\/boutique\/wp-json\/wp\/v2\/media\/903"}],"wp:attachment":[{"href":"https:\/\/iskconmalaga.com\/boutique\/wp-json\/wp\/v2\/media?parent=71"}],"wp:term":[{"taxonomy":"product_brand","embeddable":true,"href":"https:\/\/iskconmalaga.com\/boutique\/wp-json\/wp\/v2\/product_brand?post=71"},{"taxonomy":"product_cat","embeddable":true,"href":"https:\/\/iskconmalaga.com\/boutique\/wp-json\/wp\/v2\/product_cat?post=71"},{"taxonomy":"product_tag","embeddable":true,"href":"https:\/\/iskconmalaga.com\/boutique\/wp-json\/wp\/v2\/product_tag?post=71"}],"curies":[{"name":"wp","href":"https:\/\/api.w.org\/{rel}","templated":true}]}}