{"id":69,"date":"2020-06-28T12:12:52","date_gmt":"2020-06-28T10:12:52","guid":{"rendered":"https:\/\/iskconmalaga.com\/boutique\/?post_type=product&#038;p=69"},"modified":"2025-06-03T14:40:02","modified_gmt":"2025-06-03T12:40:02","slug":"la-perfeccion-del-yoga","status":"publish","type":"product","link":"https:\/\/iskconmalaga.com\/boutique\/product\/la-perfeccion-del-yoga\/","title":{"rendered":"La Perfeccion Del Yoga"},"content":{"rendered":"","protected":false},"excerpt":{"rendered":"<p>Un maestro de yoga de renombre mundial se enfrenta al comercialismo que oscurece el verdadero sentido deesta disciplina. \u00c9l explica que m\u00e1s all\u00e1 de posturas y ejercicios, las antiguas ense\u00f1anzas del yoga aspiran a la uni\u00f3n amorosa perdurable con el Supremo.<\/p>\n","protected":false},"featured_media":899,"comment_status":"closed","ping_status":"closed","template":"","meta":{"_acf_changed":false},"product_brand":[],"product_cat":[74],"product_tag":[75],"class_list":{"0":"post-69","1":"product","2":"type-product","3":"status-publish","4":"has-post-thumbnail","6":"product_cat-bolsillo-libros","7":"product_tag-pocket","8":"product_shipping_class-medium","10":"first","11":"instock","12":"shipping-taxable","13":"purchasable","14":"product-type-simple"},"acf":[],"_links":{"self":[{"href":"https:\/\/iskconmalaga.com\/boutique\/wp-json\/wp\/v2\/product\/69","targetHints":{"allow":["GET"]}}],"collection":[{"href":"https:\/\/iskconmalaga.com\/boutique\/wp-json\/wp\/v2\/product"}],"about":[{"href":"https:\/\/iskconmalaga.com\/boutique\/wp-json\/wp\/v2\/types\/product"}],"replies":[{"embeddable":true,"href":"https:\/\/iskconmalaga.com\/boutique\/wp-json\/wp\/v2\/comments?post=69"}],"version-history":[{"count":0,"href":"https:\/\/iskconmalaga.com\/boutique\/wp-json\/wp\/v2\/product\/69\/revisions"}],"wp:featuredmedia":[{"embeddable":true,"href":"https:\/\/iskconmalaga.com\/boutique\/wp-json\/wp\/v2\/media\/899"}],"wp:attachment":[{"href":"https:\/\/iskconmalaga.com\/boutique\/wp-json\/wp\/v2\/media?parent=69"}],"wp:term":[{"taxonomy":"product_brand","embeddable":true,"href":"https:\/\/iskconmalaga.com\/boutique\/wp-json\/wp\/v2\/product_brand?post=69"},{"taxonomy":"product_cat","embeddable":true,"href":"https:\/\/iskconmalaga.com\/boutique\/wp-json\/wp\/v2\/product_cat?post=69"},{"taxonomy":"product_tag","embeddable":true,"href":"https:\/\/iskconmalaga.com\/boutique\/wp-json\/wp\/v2\/product_tag?post=69"}],"curies":[{"name":"wp","href":"https:\/\/api.w.org\/{rel}","templated":true}]}}