{"id":68,"date":"2020-06-28T15:00:31","date_gmt":"2020-06-28T13:00:31","guid":{"rendered":"https:\/\/iskconmalaga.com\/boutique\/?post_type=product&#038;p=68"},"modified":"2023-09-20T00:39:55","modified_gmt":"2023-09-19T22:39:55","slug":"la-luz-del-bhagavata","status":"publish","type":"product","link":"https:\/\/iskconmalaga.com\/boutique\/product\/la-luz-del-bhagavata\/","title":{"rendered":"La Luz Del Bhagavata"},"content":{"rendered":"","protected":false},"excerpt":{"rendered":"<p>La naturaleza, con su variedad, su belleza y su simplicidad, ha cautivado la mente y el coraz\u00f3n de los grandes fil\u00f3sofos de todos los tiempos. Y tambi\u00e9n los grandes cient\u00edficos de hoy en d\u00eda se quedan sin palabras ante los profundos misterios de la naturaleza.<\/p>\n<p>La luz del Bh\u0101gavata nos ofrece una ilustraci\u00f3n clara y tangible del prop\u00f3sito y significado de la naturaleza y de su origen<\/p>\n","protected":false},"featured_media":901,"comment_status":"closed","ping_status":"closed","template":"","meta":{"_acf_changed":false},"product_brand":[],"product_cat":[77],"product_tag":[78],"class_list":{"0":"post-68","1":"product","2":"type-product","3":"status-publish","4":"has-post-thumbnail","6":"product_cat-classics","7":"product_tag-spain","8":"product_shipping_class-medium","10":"first","11":"instock","12":"shipping-taxable","13":"purchasable","14":"product-type-simple"},"acf":[],"_links":{"self":[{"href":"https:\/\/iskconmalaga.com\/boutique\/wp-json\/wp\/v2\/product\/68","targetHints":{"allow":["GET"]}}],"collection":[{"href":"https:\/\/iskconmalaga.com\/boutique\/wp-json\/wp\/v2\/product"}],"about":[{"href":"https:\/\/iskconmalaga.com\/boutique\/wp-json\/wp\/v2\/types\/product"}],"replies":[{"embeddable":true,"href":"https:\/\/iskconmalaga.com\/boutique\/wp-json\/wp\/v2\/comments?post=68"}],"version-history":[{"count":0,"href":"https:\/\/iskconmalaga.com\/boutique\/wp-json\/wp\/v2\/product\/68\/revisions"}],"wp:featuredmedia":[{"embeddable":true,"href":"https:\/\/iskconmalaga.com\/boutique\/wp-json\/wp\/v2\/media\/901"}],"wp:attachment":[{"href":"https:\/\/iskconmalaga.com\/boutique\/wp-json\/wp\/v2\/media?parent=68"}],"wp:term":[{"taxonomy":"product_brand","embeddable":true,"href":"https:\/\/iskconmalaga.com\/boutique\/wp-json\/wp\/v2\/product_brand?post=68"},{"taxonomy":"product_cat","embeddable":true,"href":"https:\/\/iskconmalaga.com\/boutique\/wp-json\/wp\/v2\/product_cat?post=68"},{"taxonomy":"product_tag","embeddable":true,"href":"https:\/\/iskconmalaga.com\/boutique\/wp-json\/wp\/v2\/product_tag?post=68"}],"curies":[{"name":"wp","href":"https:\/\/api.w.org\/{rel}","templated":true}]}}