{"id":66,"date":"2020-06-28T11:34:58","date_gmt":"2020-06-28T09:34:58","guid":{"rendered":"https:\/\/iskconmalaga.com\/boutique\/?post_type=product&#038;p=66"},"modified":"2025-12-12T09:13:55","modified_gmt":"2025-12-12T08:13:55","slug":"george-harrison-y-el-mantra-hare-k%e1%b9%9b%e1%b9%a3%e1%b9%87a","status":"publish","type":"product","link":"https:\/\/iskconmalaga.com\/boutique\/product\/george-harrison-y-el-mantra-hare-k%e1%b9%9b%e1%b9%a3%e1%b9%87a\/","title":{"rendered":"George Harrison Y El Mantra Hare Krsna"},"content":{"rendered":"","protected":false},"excerpt":{"rendered":"<p>En s\u00e1nscrito, <em>\u00abman\u00bb <\/em>significa mente y <em>\u00abtra\u00bb <\/em>significa liberaci\u00f3n. Aplicado en la meditaci\u00f3n, mantra es una combinaci\u00f3n de sonidos trascendentales que libera a la mente de la dualidad material o de nuestra experiencia mundana de felicidad y de sufrimiento temporal.<\/p>\n<p>\u00abNo importa cu\u00e1nto dinero hayas ganado, eso no necesariamente te har\u00e1 feliz. T\u00fa debes encontrar la felicidad a pesar de los problemas que tienes, canta Hare K\u1e5b\u1e63\u1e47a\u00bb.<\/p>\n<p>George Harrison<\/p>\n","protected":false},"featured_media":896,"comment_status":"closed","ping_status":"closed","template":"","meta":{"_acf_changed":false},"product_brand":[],"product_cat":[74],"product_tag":[75],"class_list":{"0":"post-66","1":"product","2":"type-product","3":"status-publish","4":"has-post-thumbnail","6":"product_cat-bolsillo-libros","7":"product_tag-pocket","8":"product_shipping_class-medium","10":"first","11":"instock","12":"shipping-taxable","13":"purchasable","14":"product-type-simple"},"acf":[],"_links":{"self":[{"href":"https:\/\/iskconmalaga.com\/boutique\/wp-json\/wp\/v2\/product\/66","targetHints":{"allow":["GET"]}}],"collection":[{"href":"https:\/\/iskconmalaga.com\/boutique\/wp-json\/wp\/v2\/product"}],"about":[{"href":"https:\/\/iskconmalaga.com\/boutique\/wp-json\/wp\/v2\/types\/product"}],"replies":[{"embeddable":true,"href":"https:\/\/iskconmalaga.com\/boutique\/wp-json\/wp\/v2\/comments?post=66"}],"version-history":[{"count":0,"href":"https:\/\/iskconmalaga.com\/boutique\/wp-json\/wp\/v2\/product\/66\/revisions"}],"wp:featuredmedia":[{"embeddable":true,"href":"https:\/\/iskconmalaga.com\/boutique\/wp-json\/wp\/v2\/media\/896"}],"wp:attachment":[{"href":"https:\/\/iskconmalaga.com\/boutique\/wp-json\/wp\/v2\/media?parent=66"}],"wp:term":[{"taxonomy":"product_brand","embeddable":true,"href":"https:\/\/iskconmalaga.com\/boutique\/wp-json\/wp\/v2\/product_brand?post=66"},{"taxonomy":"product_cat","embeddable":true,"href":"https:\/\/iskconmalaga.com\/boutique\/wp-json\/wp\/v2\/product_cat?post=66"},{"taxonomy":"product_tag","embeddable":true,"href":"https:\/\/iskconmalaga.com\/boutique\/wp-json\/wp\/v2\/product_tag?post=66"}],"curies":[{"name":"wp","href":"https:\/\/api.w.org\/{rel}","templated":true}]}}