{"id":65,"date":"2020-06-28T11:31:06","date_gmt":"2020-06-28T09:31:06","guid":{"rendered":"https:\/\/iskconmalaga.com\/boutique\/?post_type=product&#038;p=65"},"modified":"2025-12-12T09:13:44","modified_gmt":"2025-12-12T08:13:44","slug":"en-el-camino-a-k%e1%b9%9b%e1%b9%a3%e1%b9%87a","status":"publish","type":"product","link":"https:\/\/iskconmalaga.com\/boutique\/product\/en-el-camino-a-k%e1%b9%9b%e1%b9%a3%e1%b9%87a\/","title":{"rendered":"En El Camino A Krsna"},"content":{"rendered":"","protected":false},"excerpt":{"rendered":"<p>Todos estamos buscando la felicidad, pero no sabemos cu\u00e1l es la verdadera. Vemos tanta propaganda acerca de ella, pero pr\u00e1cticamente hablando, vemos muy poca gente feliz.<\/p>\n<p>Esto es debido a que muy poca gente conoce la plataforma de la verdadera felicidad, la cual est\u00e1 m\u00e1s all\u00e1 de las cosas temporales.<\/p>\n<p>Esta es la verdadera felicidad, la que \u015ar\u012bla Prabhup\u0101da describe en este libro.<\/p>\n","protected":false},"featured_media":894,"comment_status":"closed","ping_status":"closed","template":"","meta":{"_acf_changed":false},"product_brand":[],"product_cat":[74],"product_tag":[75],"class_list":{"0":"post-65","1":"product","2":"type-product","3":"status-publish","4":"has-post-thumbnail","6":"product_cat-bolsillo-libros","7":"product_tag-pocket","8":"product_shipping_class-medium","10":"first","11":"instock","12":"shipping-taxable","13":"purchasable","14":"product-type-simple"},"acf":[],"_links":{"self":[{"href":"https:\/\/iskconmalaga.com\/boutique\/wp-json\/wp\/v2\/product\/65","targetHints":{"allow":["GET"]}}],"collection":[{"href":"https:\/\/iskconmalaga.com\/boutique\/wp-json\/wp\/v2\/product"}],"about":[{"href":"https:\/\/iskconmalaga.com\/boutique\/wp-json\/wp\/v2\/types\/product"}],"replies":[{"embeddable":true,"href":"https:\/\/iskconmalaga.com\/boutique\/wp-json\/wp\/v2\/comments?post=65"}],"version-history":[{"count":0,"href":"https:\/\/iskconmalaga.com\/boutique\/wp-json\/wp\/v2\/product\/65\/revisions"}],"wp:featuredmedia":[{"embeddable":true,"href":"https:\/\/iskconmalaga.com\/boutique\/wp-json\/wp\/v2\/media\/894"}],"wp:attachment":[{"href":"https:\/\/iskconmalaga.com\/boutique\/wp-json\/wp\/v2\/media?parent=65"}],"wp:term":[{"taxonomy":"product_brand","embeddable":true,"href":"https:\/\/iskconmalaga.com\/boutique\/wp-json\/wp\/v2\/product_brand?post=65"},{"taxonomy":"product_cat","embeddable":true,"href":"https:\/\/iskconmalaga.com\/boutique\/wp-json\/wp\/v2\/product_cat?post=65"},{"taxonomy":"product_tag","embeddable":true,"href":"https:\/\/iskconmalaga.com\/boutique\/wp-json\/wp\/v2\/product_tag?post=65"}],"curies":[{"name":"wp","href":"https:\/\/api.w.org\/{rel}","templated":true}]}}