{"id":64,"date":"2020-06-18T15:25:50","date_gmt":"2020-06-18T13:25:50","guid":{"rendered":"https:\/\/iskconmalaga.com\/boutique\/?post_type=product&#038;p=64"},"modified":"2025-05-17T23:21:46","modified_gmt":"2025-05-17T21:21:46","slug":"ciencia-de-la-autorrealizacion","status":"publish","type":"product","link":"https:\/\/iskconmalaga.com\/boutique\/product\/ciencia-de-la-autorrealizacion\/","title":{"rendered":"Ciencia De La Autorrealizaci\u00f3n"},"content":{"rendered":"","protected":false},"excerpt":{"rendered":"<p>\u00bfExiste alguna ciencia que nos ofrezca conocimiento sobre nuestro verdadero ser? \u00bfCu\u00e1l es ese m\u00e9todo? \u00bfEs el as\u00ed llamado progreso material la soluci\u00f3n para todos nuestros problemas?<\/p>\n<p>Existen muchos m\u00e9todos de autorrealizaci\u00f3n. Pero, seg\u00fan la sabidur\u00eda v\u00e9dica de la India, el m\u00e1s adecuado para esta era es el sencillo m\u00e9todo de cultivar conciencia de K\u1e5b\u1e63\u1e47a, la ciencia con la que podemos revivir nuestra conciencia original y, de ese modo, lograr la felicidad.<\/p>\n<p>La ciencia de la autorrealizaci\u00f3n nos presenta en sus p\u00e1ginas el inmortal conocimiento v\u00e9dico tal como lo han transmitido generaciones de grandes sabios durante miles de a\u00f1os.<\/p>\n","protected":false},"featured_media":890,"comment_status":"closed","ping_status":"closed","template":"","meta":{"_acf_changed":false},"product_brand":[],"product_cat":[77],"product_tag":[78],"class_list":{"0":"post-64","1":"product","2":"type-product","3":"status-publish","4":"has-post-thumbnail","6":"product_cat-classics","7":"product_tag-spain","8":"product_shipping_class-medium","10":"first","11":"outofstock","12":"shipping-taxable","13":"purchasable","14":"product-type-simple"},"acf":[],"_links":{"self":[{"href":"https:\/\/iskconmalaga.com\/boutique\/wp-json\/wp\/v2\/product\/64","targetHints":{"allow":["GET"]}}],"collection":[{"href":"https:\/\/iskconmalaga.com\/boutique\/wp-json\/wp\/v2\/product"}],"about":[{"href":"https:\/\/iskconmalaga.com\/boutique\/wp-json\/wp\/v2\/types\/product"}],"replies":[{"embeddable":true,"href":"https:\/\/iskconmalaga.com\/boutique\/wp-json\/wp\/v2\/comments?post=64"}],"version-history":[{"count":0,"href":"https:\/\/iskconmalaga.com\/boutique\/wp-json\/wp\/v2\/product\/64\/revisions"}],"wp:featuredmedia":[{"embeddable":true,"href":"https:\/\/iskconmalaga.com\/boutique\/wp-json\/wp\/v2\/media\/890"}],"wp:attachment":[{"href":"https:\/\/iskconmalaga.com\/boutique\/wp-json\/wp\/v2\/media?parent=64"}],"wp:term":[{"taxonomy":"product_brand","embeddable":true,"href":"https:\/\/iskconmalaga.com\/boutique\/wp-json\/wp\/v2\/product_brand?post=64"},{"taxonomy":"product_cat","embeddable":true,"href":"https:\/\/iskconmalaga.com\/boutique\/wp-json\/wp\/v2\/product_cat?post=64"},{"taxonomy":"product_tag","embeddable":true,"href":"https:\/\/iskconmalaga.com\/boutique\/wp-json\/wp\/v2\/product_tag?post=64"}],"curies":[{"name":"wp","href":"https:\/\/api.w.org\/{rel}","templated":true}]}}