{"id":62,"date":"2020-06-21T11:07:18","date_gmt":"2020-06-21T09:07:18","guid":{"rendered":"https:\/\/iskconmalaga.com\/boutique\/?post_type=product&#038;p=62"},"modified":"2025-06-03T14:39:25","modified_gmt":"2025-06-03T12:39:25","slug":"el-cazador-y-el-sabio","status":"publish","type":"product","link":"https:\/\/iskconmalaga.com\/boutique\/product\/el-cazador-y-el-sabio\/","title":{"rendered":"El Cazador Y El Sabio"},"content":{"rendered":"","protected":false},"excerpt":{"rendered":"<p>Hace miles de a\u00f1os el gran sabio N\u0101rada, que tiene la habilidad de viajar por el espacio en virtud de sus poderes m\u00edsticos, descendi\u00f3 de los planetas espirituales y lleg\u00f3 a un bosque en las riberas del r\u00edo Ganges.<\/p>\n<p>Mientras caminaba por el bosque, vio muchos animales moribundos que estaban sufriendo de dolor. Al avanzar un poco m\u00e1s se encontr\u00f3 con un cruel cazador que sent\u00eda gran placer al dejar a los animales en esa condici\u00f3n.<\/p>\n<p>Cuando escuch\u00f3 las sabias palabras de N\u0101rada, el cazador tom\u00f3 conciencia de sus acciones y las consecuencias que sufrir\u00eda por lastimar a animales indefensos.<\/p>\n<p>Esta fascinante historia que tuvo lugar en la antigua India, nos da a conocer las sutiles leyes universales que rigen nuestras vidas.<\/p>\n","protected":false},"featured_media":893,"comment_status":"closed","ping_status":"closed","template":"","meta":{"_acf_changed":false},"product_brand":[],"product_cat":[74],"product_tag":[75],"class_list":{"0":"post-62","1":"product","2":"type-product","3":"status-publish","4":"has-post-thumbnail","6":"product_cat-bolsillo-libros","7":"product_tag-pocket","8":"product_shipping_class-medium","10":"first","11":"instock","12":"shipping-taxable","13":"purchasable","14":"product-type-simple"},"acf":[],"_links":{"self":[{"href":"https:\/\/iskconmalaga.com\/boutique\/wp-json\/wp\/v2\/product\/62","targetHints":{"allow":["GET"]}}],"collection":[{"href":"https:\/\/iskconmalaga.com\/boutique\/wp-json\/wp\/v2\/product"}],"about":[{"href":"https:\/\/iskconmalaga.com\/boutique\/wp-json\/wp\/v2\/types\/product"}],"replies":[{"embeddable":true,"href":"https:\/\/iskconmalaga.com\/boutique\/wp-json\/wp\/v2\/comments?post=62"}],"version-history":[{"count":0,"href":"https:\/\/iskconmalaga.com\/boutique\/wp-json\/wp\/v2\/product\/62\/revisions"}],"wp:featuredmedia":[{"embeddable":true,"href":"https:\/\/iskconmalaga.com\/boutique\/wp-json\/wp\/v2\/media\/893"}],"wp:attachment":[{"href":"https:\/\/iskconmalaga.com\/boutique\/wp-json\/wp\/v2\/media?parent=62"}],"wp:term":[{"taxonomy":"product_brand","embeddable":true,"href":"https:\/\/iskconmalaga.com\/boutique\/wp-json\/wp\/v2\/product_brand?post=62"},{"taxonomy":"product_cat","embeddable":true,"href":"https:\/\/iskconmalaga.com\/boutique\/wp-json\/wp\/v2\/product_cat?post=62"},{"taxonomy":"product_tag","embeddable":true,"href":"https:\/\/iskconmalaga.com\/boutique\/wp-json\/wp\/v2\/product_tag?post=62"}],"curies":[{"name":"wp","href":"https:\/\/api.w.org\/{rel}","templated":true}]}}