{"id":52,"date":"2020-06-18T15:45:39","date_gmt":"2020-06-18T13:45:39","guid":{"rendered":"https:\/\/iskconmalaga.com\/boutique\/?post_type=product&#038;p=52"},"modified":"2023-09-20T01:41:08","modified_gmt":"2023-09-19T23:41:08","slug":"las-ensenanzas-de-caitanya-mahaprabhu","status":"publish","type":"product","link":"https:\/\/iskconmalaga.com\/boutique\/product\/las-ensenanzas-de-caitanya-mahaprabhu\/","title":{"rendered":"Las Ensenanzas De Caitanya Mahaprabhu"},"content":{"rendered":"","protected":false},"excerpt":{"rendered":"<p>Caitanya Mah\u0101prabhu naci\u00f3 en Bengala, India, en 1486, y vivi\u00f3 solo 48 a\u00f1os; sin embargo, en ese corto per\u00edodo dio inicio a una revoluci\u00f3n en la conciencia espiritual que ha afectado profundamente las vidas de millones de personas hasta nuestros d\u00edas.<\/p>\n<p>Aunque \u00c9l eligi\u00f3 el camino de la m\u00edstica y la renuncia completa, ense\u00f1\u00f3 que cualquier persona puede actuar con plena conciencia espiritual incluso permaneciendo en el \u00e1mbito del hogar, el trabajo y las relaciones sociales. De ese modo, Sus ense\u00f1anzas, aunque intemporales, tienen especial relevancia para el hombre actual. Ense\u00f1\u00f3 un proceso pr\u00e1ctico que cualquier persona puede seguir para sentir directamente el \u00e9xtasis del amor puro por Dios.<\/p>\n<p>Este libro relata la extraordinaria vida de este gran santo y explica la esencia de Sus ense\u00f1anzas.<\/p>\n","protected":false},"featured_media":900,"comment_status":"closed","ping_status":"closed","template":"","meta":{"_acf_changed":false},"product_brand":[],"product_cat":[77],"product_tag":[78],"class_list":{"0":"post-52","1":"product","2":"type-product","3":"status-publish","4":"has-post-thumbnail","6":"product_cat-classics","7":"product_tag-spain","8":"product_shipping_class-medium","10":"first","11":"instock","12":"shipping-taxable","13":"purchasable","14":"product-type-simple"},"acf":[],"_links":{"self":[{"href":"https:\/\/iskconmalaga.com\/boutique\/wp-json\/wp\/v2\/product\/52","targetHints":{"allow":["GET"]}}],"collection":[{"href":"https:\/\/iskconmalaga.com\/boutique\/wp-json\/wp\/v2\/product"}],"about":[{"href":"https:\/\/iskconmalaga.com\/boutique\/wp-json\/wp\/v2\/types\/product"}],"replies":[{"embeddable":true,"href":"https:\/\/iskconmalaga.com\/boutique\/wp-json\/wp\/v2\/comments?post=52"}],"version-history":[{"count":0,"href":"https:\/\/iskconmalaga.com\/boutique\/wp-json\/wp\/v2\/product\/52\/revisions"}],"wp:featuredmedia":[{"embeddable":true,"href":"https:\/\/iskconmalaga.com\/boutique\/wp-json\/wp\/v2\/media\/900"}],"wp:attachment":[{"href":"https:\/\/iskconmalaga.com\/boutique\/wp-json\/wp\/v2\/media?parent=52"}],"wp:term":[{"taxonomy":"product_brand","embeddable":true,"href":"https:\/\/iskconmalaga.com\/boutique\/wp-json\/wp\/v2\/product_brand?post=52"},{"taxonomy":"product_cat","embeddable":true,"href":"https:\/\/iskconmalaga.com\/boutique\/wp-json\/wp\/v2\/product_cat?post=52"},{"taxonomy":"product_tag","embeddable":true,"href":"https:\/\/iskconmalaga.com\/boutique\/wp-json\/wp\/v2\/product_tag?post=52"}],"curies":[{"name":"wp","href":"https:\/\/api.w.org\/{rel}","templated":true}]}}