{"id":51,"date":"2020-06-28T14:30:11","date_gmt":"2020-06-28T12:30:11","guid":{"rendered":"https:\/\/iskconmalaga.com\/boutique\/?post_type=product&#038;p=51"},"modified":"2023-09-20T00:35:52","modified_gmt":"2023-09-19T22:35:52","slug":"secretos-de-otros-tiempos-sri-isopani%e1%b9%a3ad","status":"publish","type":"product","link":"https:\/\/iskconmalaga.com\/boutique\/product\/secretos-de-otros-tiempos-sri-isopani%e1%b9%a3ad\/","title":{"rendered":"Sri Isopanisad &#8211; Secretos De Otros Tiempos"},"content":{"rendered":"","protected":false},"excerpt":{"rendered":"<p>El autor, Su Divina Gracia A. C. Bhaktivedanta Swami Prabhup\u0101da, ha escrito m\u00e1s de 60 vol\u00famenes de traducciones autorizadas, comentarios y varios estudios sobre los cl\u00e1sicos filos\u00f3ficos y religiosos de la India, trayendo a occidente la esencia de este conocimiento milenario.<\/p>\n<p>En Secretos de otros tiempos, \u00e9l nos gu\u00eda para que entendamos mejor el porqu\u00e9 de las actuales crisis en la vida del planeta, y la manera en que podemos ayudar a resolverlos.<\/p>\n","protected":false},"featured_media":911,"comment_status":"closed","ping_status":"closed","template":"","meta":{"_acf_changed":false},"product_brand":[],"product_cat":[77],"product_tag":[78],"class_list":{"0":"post-51","1":"product","2":"type-product","3":"status-publish","4":"has-post-thumbnail","6":"product_cat-classics","7":"product_tag-spain","8":"product_shipping_class-medium","10":"first","11":"instock","12":"shipping-taxable","13":"purchasable","14":"product-type-simple"},"acf":[],"_links":{"self":[{"href":"https:\/\/iskconmalaga.com\/boutique\/wp-json\/wp\/v2\/product\/51","targetHints":{"allow":["GET"]}}],"collection":[{"href":"https:\/\/iskconmalaga.com\/boutique\/wp-json\/wp\/v2\/product"}],"about":[{"href":"https:\/\/iskconmalaga.com\/boutique\/wp-json\/wp\/v2\/types\/product"}],"replies":[{"embeddable":true,"href":"https:\/\/iskconmalaga.com\/boutique\/wp-json\/wp\/v2\/comments?post=51"}],"version-history":[{"count":0,"href":"https:\/\/iskconmalaga.com\/boutique\/wp-json\/wp\/v2\/product\/51\/revisions"}],"wp:featuredmedia":[{"embeddable":true,"href":"https:\/\/iskconmalaga.com\/boutique\/wp-json\/wp\/v2\/media\/911"}],"wp:attachment":[{"href":"https:\/\/iskconmalaga.com\/boutique\/wp-json\/wp\/v2\/media?parent=51"}],"wp:term":[{"taxonomy":"product_brand","embeddable":true,"href":"https:\/\/iskconmalaga.com\/boutique\/wp-json\/wp\/v2\/product_brand?post=51"},{"taxonomy":"product_cat","embeddable":true,"href":"https:\/\/iskconmalaga.com\/boutique\/wp-json\/wp\/v2\/product_cat?post=51"},{"taxonomy":"product_tag","embeddable":true,"href":"https:\/\/iskconmalaga.com\/boutique\/wp-json\/wp\/v2\/product_tag?post=51"}],"curies":[{"name":"wp","href":"https:\/\/api.w.org\/{rel}","templated":true}]}}