{"id":50,"date":"2020-06-28T14:20:51","date_gmt":"2020-06-28T12:20:51","guid":{"rendered":"https:\/\/iskconmalaga.com\/boutique\/?post_type=product&#038;p=50"},"modified":"2023-09-20T00:35:17","modified_gmt":"2023-09-19T22:35:17","slug":"nectar-de-la-instruccion-el-upadesam%e1%b9%9bta","status":"publish","type":"product","link":"https:\/\/iskconmalaga.com\/boutique\/product\/nectar-de-la-instruccion-el-upadesam%e1%b9%9bta\/","title":{"rendered":"Upadesamrta &#8211; Nectar De La Instruccion"},"content":{"rendered":"","protected":false},"excerpt":{"rendered":"<p>\u00abEl objetivo de la vida humana es comprender a Dios, y el ser humano recibe una inteligencia superior para lograrlo. Los que creen que esta inteligencia superior tiene por objetivo alcanzar un estado superior deben seguir las instrucciones de las Escrituras v\u00e9dicas. Cuando alguien recibe esas instrucciones dadas por las autoridades superiores, puede situarse realmente en el estado donde hay conocimiento perfecto, y darle un verdadero significado a la vida\u00bb.<\/p>\n<p>Traducido y explicado por el sucesor contempor\u00e1neo de \u015ar\u012bla R\u016bpa Gosv\u0101m\u012b, Su Divina Gracia A. C. Bhaktivedanta Swami Prabhup\u0101da, el Upade\u015b\u0101m\u1e5bta es la puerta de la iluminaci\u00f3n para todos los buscadores que siguen la senda de la perfecci\u00f3n espiritual.<\/p>\n","protected":false},"featured_media":909,"comment_status":"closed","ping_status":"closed","template":"","meta":{"_acf_changed":false},"product_brand":[],"product_cat":[77],"product_tag":[78],"class_list":{"0":"post-50","1":"product","2":"type-product","3":"status-publish","4":"has-post-thumbnail","6":"product_cat-classics","7":"product_tag-spain","8":"product_shipping_class-medium","10":"first","11":"instock","12":"shipping-taxable","13":"purchasable","14":"product-type-simple"},"acf":[],"_links":{"self":[{"href":"https:\/\/iskconmalaga.com\/boutique\/wp-json\/wp\/v2\/product\/50","targetHints":{"allow":["GET"]}}],"collection":[{"href":"https:\/\/iskconmalaga.com\/boutique\/wp-json\/wp\/v2\/product"}],"about":[{"href":"https:\/\/iskconmalaga.com\/boutique\/wp-json\/wp\/v2\/types\/product"}],"replies":[{"embeddable":true,"href":"https:\/\/iskconmalaga.com\/boutique\/wp-json\/wp\/v2\/comments?post=50"}],"version-history":[{"count":0,"href":"https:\/\/iskconmalaga.com\/boutique\/wp-json\/wp\/v2\/product\/50\/revisions"}],"wp:featuredmedia":[{"embeddable":true,"href":"https:\/\/iskconmalaga.com\/boutique\/wp-json\/wp\/v2\/media\/909"}],"wp:attachment":[{"href":"https:\/\/iskconmalaga.com\/boutique\/wp-json\/wp\/v2\/media?parent=50"}],"wp:term":[{"taxonomy":"product_brand","embeddable":true,"href":"https:\/\/iskconmalaga.com\/boutique\/wp-json\/wp\/v2\/product_brand?post=50"},{"taxonomy":"product_cat","embeddable":true,"href":"https:\/\/iskconmalaga.com\/boutique\/wp-json\/wp\/v2\/product_cat?post=50"},{"taxonomy":"product_tag","embeddable":true,"href":"https:\/\/iskconmalaga.com\/boutique\/wp-json\/wp\/v2\/product_tag?post=50"}],"curies":[{"name":"wp","href":"https:\/\/api.w.org\/{rel}","templated":true}]}}