{"id":45,"date":"2020-06-19T12:11:40","date_gmt":"2020-06-19T10:11:40","guid":{"rendered":"https:\/\/iskconmalaga.com\/boutique\/?post_type=product&#038;p=45"},"modified":"2026-01-15T02:45:47","modified_gmt":"2026-01-15T01:45:47","slug":"srimad-bhagavatam","status":"publish","type":"product","link":"https:\/\/iskconmalaga.com\/boutique\/product\/srimad-bhagavatam\/","title":{"rendered":"Srimad Bhagavatam"},"content":{"rendered":"","protected":false},"excerpt":{"rendered":"<p><span lang=\"ES\">En estos tiempos modernos, la sociedad ha conseguido un avance importante en los campos de la tecnolog\u00eda, educaci\u00f3n, ciencia y desarrollo econ\u00f3mico a lo largo de todo el mundo. Sin embargo, tambi\u00e9n somos testigos de conflictos a gran escala y crisis sociales profundas. La humanidad necesita instrucci\u00f3n espiritual para saber c\u00f3mo alcanzar la paz, la amistad y la prosperidad comunes. <\/span><span lang=\"ES\">El <em>\u015ar\u012bmad-Bh\u0101gavatam<\/em><i> <\/i>puede satisfacer esa necesidad y brinda su propuesta para reespiritualizar <\/span><span lang=\"es-419\">a <\/span><span lang=\"ES\">la humanidad.<\/span><\/p>\n","protected":false},"featured_media":913,"comment_status":"closed","ping_status":"closed","template":"","meta":{"_acf_changed":false},"product_brand":[],"product_cat":[71],"product_tag":[76],"class_list":{"0":"post-45","1":"product","2":"type-product","3":"status-publish","4":"has-post-thumbnail","6":"product_cat-colecciones","7":"product_tag-collection","8":"product_shipping_class-medium","10":"first","11":"instock","12":"sale","13":"shipping-taxable","14":"purchasable","15":"product-type-simple"},"acf":[],"_links":{"self":[{"href":"https:\/\/iskconmalaga.com\/boutique\/wp-json\/wp\/v2\/product\/45","targetHints":{"allow":["GET"]}}],"collection":[{"href":"https:\/\/iskconmalaga.com\/boutique\/wp-json\/wp\/v2\/product"}],"about":[{"href":"https:\/\/iskconmalaga.com\/boutique\/wp-json\/wp\/v2\/types\/product"}],"replies":[{"embeddable":true,"href":"https:\/\/iskconmalaga.com\/boutique\/wp-json\/wp\/v2\/comments?post=45"}],"version-history":[{"count":0,"href":"https:\/\/iskconmalaga.com\/boutique\/wp-json\/wp\/v2\/product\/45\/revisions"}],"wp:featuredmedia":[{"embeddable":true,"href":"https:\/\/iskconmalaga.com\/boutique\/wp-json\/wp\/v2\/media\/913"}],"wp:attachment":[{"href":"https:\/\/iskconmalaga.com\/boutique\/wp-json\/wp\/v2\/media?parent=45"}],"wp:term":[{"taxonomy":"product_brand","embeddable":true,"href":"https:\/\/iskconmalaga.com\/boutique\/wp-json\/wp\/v2\/product_brand?post=45"},{"taxonomy":"product_cat","embeddable":true,"href":"https:\/\/iskconmalaga.com\/boutique\/wp-json\/wp\/v2\/product_cat?post=45"},{"taxonomy":"product_tag","embeddable":true,"href":"https:\/\/iskconmalaga.com\/boutique\/wp-json\/wp\/v2\/product_tag?post=45"}],"curies":[{"name":"wp","href":"https:\/\/api.w.org\/{rel}","templated":true}]}}