{"id":358,"date":"2020-07-19T02:01:35","date_gmt":"2020-07-19T00:01:35","guid":{"rendered":"https:\/\/iskconmalaga.com\/boutique\/?post_type=product&#038;p=358"},"modified":"2025-11-17T18:01:51","modified_gmt":"2025-11-17T17:01:51","slug":"sabiduria-de-la-india-para-la-era-moderna","status":"publish","type":"product","link":"https:\/\/iskconmalaga.com\/boutique\/product\/sabiduria-de-la-india-para-la-era-moderna\/","title":{"rendered":"Sabiduria De La India Para La Era Moderna"},"content":{"rendered":"","protected":false},"excerpt":{"rendered":"<p>La colecci\u00f3n Sabidur\u00eda de la India pone al alcance del lector las profundas ense\u00f1anzas de la tradici\u00f3n filos\u00f3fica y m\u00edstica de la India en un lenguaje asequible a la gente de hoy. Sus tres vol\u00famenes forman parte del \u015ar\u012bmad-Bh\u0101gavatam, obra cl\u00e1sica del conocimiento de la India, publicada en su totalidad tambi\u00e9n por The Bhaktivedanta Book Trust en una edici\u00f3n de lujo.<\/p>\n","protected":false},"featured_media":912,"comment_status":"closed","ping_status":"closed","template":"","meta":{"_acf_changed":false},"product_brand":[],"product_cat":[71],"product_tag":[76],"class_list":{"0":"post-358","1":"product","2":"type-product","3":"status-publish","4":"has-post-thumbnail","6":"product_cat-colecciones","7":"product_tag-collection","8":"product_shipping_class-medium","10":"first","11":"instock","12":"sale","13":"shipping-taxable","14":"purchasable","15":"product-type-simple"},"acf":[],"_links":{"self":[{"href":"https:\/\/iskconmalaga.com\/boutique\/wp-json\/wp\/v2\/product\/358","targetHints":{"allow":["GET"]}}],"collection":[{"href":"https:\/\/iskconmalaga.com\/boutique\/wp-json\/wp\/v2\/product"}],"about":[{"href":"https:\/\/iskconmalaga.com\/boutique\/wp-json\/wp\/v2\/types\/product"}],"replies":[{"embeddable":true,"href":"https:\/\/iskconmalaga.com\/boutique\/wp-json\/wp\/v2\/comments?post=358"}],"version-history":[{"count":0,"href":"https:\/\/iskconmalaga.com\/boutique\/wp-json\/wp\/v2\/product\/358\/revisions"}],"wp:featuredmedia":[{"embeddable":true,"href":"https:\/\/iskconmalaga.com\/boutique\/wp-json\/wp\/v2\/media\/912"}],"wp:attachment":[{"href":"https:\/\/iskconmalaga.com\/boutique\/wp-json\/wp\/v2\/media?parent=358"}],"wp:term":[{"taxonomy":"product_brand","embeddable":true,"href":"https:\/\/iskconmalaga.com\/boutique\/wp-json\/wp\/v2\/product_brand?post=358"},{"taxonomy":"product_cat","embeddable":true,"href":"https:\/\/iskconmalaga.com\/boutique\/wp-json\/wp\/v2\/product_cat?post=358"},{"taxonomy":"product_tag","embeddable":true,"href":"https:\/\/iskconmalaga.com\/boutique\/wp-json\/wp\/v2\/product_tag?post=358"}],"curies":[{"name":"wp","href":"https:\/\/api.w.org\/{rel}","templated":true}]}}