{"id":327,"date":"2020-07-10T10:48:33","date_gmt":"2020-07-10T08:48:33","guid":{"rendered":"https:\/\/iskconmalaga.com\/boutique\/?post_type=product&#038;p=327"},"modified":"2023-09-19T23:59:48","modified_gmt":"2023-09-19T21:59:48","slug":"sri-caitanya-caritam%e1%b9%9bta","status":"publish","type":"product","link":"https:\/\/iskconmalaga.com\/boutique\/product\/sri-caitanya-caritam%e1%b9%9bta\/","title":{"rendered":"Sri Caitanya-caritamrta"},"content":{"rendered":"","protected":false},"excerpt":{"rendered":"<p><span lang=\"ES\">El <em>\u015ar\u012b Caitanya-carit\u0101m\u1e5bta<\/em> es el principal trabajo sobre la vida y ense\u00f1anzas de \u015ar\u012b Caitanya Mah\u0101prabhu, la encarnaci\u00f3n de K\u1e5b\u1e63\u1e47a que apareci\u00f3 en India hace quinientos a\u00f1os. El Se\u00f1or Caitanya introdujo el canto de los santos nombres de Dios como el m\u00e9todo prescrito de realizaci\u00f3n espiritual para nuestra era. \u00c9l empez\u00f3 lo que hoy se llama el Movimiento Hare K\u1e5b\u1e63\u1e47a, por lo tanto \u00e9l es el fundador del movimiento.<\/span><\/p>\n<p>El Se\u00f1or Caitanya transform\u00f3 la cara de India en 4 aspectos: filos\u00f3ficamente, por enfrentar, derrotar y convertir a los m\u00e1s grandes fil\u00f3sofos y pensadores de Su \u00e9poca; religiosamente, por organizar el movimiento te\u00edsta m\u00e1s grande, y extendido de la historia de la India; socialmente, por Sus fuertes desaf\u00edos a las injusticias religiosas del sistema de castas; pol\u00edticamente, por medio de su organizaci\u00f3n de un movimiento de desobediencia civil masiva en Bengala, m\u00e1s de cuatro siglos antes de Gandhi.<\/p>\n","protected":false},"featured_media":915,"comment_status":"closed","ping_status":"closed","template":"","meta":{"_acf_changed":false},"product_brand":[],"product_cat":[71],"product_tag":[76],"class_list":{"0":"post-327","1":"product","2":"type-product","3":"status-publish","4":"has-post-thumbnail","6":"product_cat-colecciones","7":"product_tag-collection","8":"product_shipping_class-medium","10":"first","11":"instock","12":"shipping-taxable","13":"purchasable","14":"product-type-simple"},"acf":[],"_links":{"self":[{"href":"https:\/\/iskconmalaga.com\/boutique\/wp-json\/wp\/v2\/product\/327","targetHints":{"allow":["GET"]}}],"collection":[{"href":"https:\/\/iskconmalaga.com\/boutique\/wp-json\/wp\/v2\/product"}],"about":[{"href":"https:\/\/iskconmalaga.com\/boutique\/wp-json\/wp\/v2\/types\/product"}],"replies":[{"embeddable":true,"href":"https:\/\/iskconmalaga.com\/boutique\/wp-json\/wp\/v2\/comments?post=327"}],"version-history":[{"count":0,"href":"https:\/\/iskconmalaga.com\/boutique\/wp-json\/wp\/v2\/product\/327\/revisions"}],"wp:featuredmedia":[{"embeddable":true,"href":"https:\/\/iskconmalaga.com\/boutique\/wp-json\/wp\/v2\/media\/915"}],"wp:attachment":[{"href":"https:\/\/iskconmalaga.com\/boutique\/wp-json\/wp\/v2\/media?parent=327"}],"wp:term":[{"taxonomy":"product_brand","embeddable":true,"href":"https:\/\/iskconmalaga.com\/boutique\/wp-json\/wp\/v2\/product_brand?post=327"},{"taxonomy":"product_cat","embeddable":true,"href":"https:\/\/iskconmalaga.com\/boutique\/wp-json\/wp\/v2\/product_cat?post=327"},{"taxonomy":"product_tag","embeddable":true,"href":"https:\/\/iskconmalaga.com\/boutique\/wp-json\/wp\/v2\/product_tag?post=327"}],"curies":[{"name":"wp","href":"https:\/\/api.w.org\/{rel}","templated":true}]}}