{"id":1468,"date":"2025-05-20T03:02:33","date_gmt":"2025-05-20T01:02:33","guid":{"rendered":"https:\/\/iskconmalaga.com\/boutique\/?post_type=product&#038;p=1468"},"modified":"2025-12-12T06:46:17","modified_gmt":"2025-12-12T05:46:17","slug":"ayurveda-salud-vitalidad","status":"publish","type":"product","link":"https:\/\/iskconmalaga.com\/boutique\/product\/ayurveda-salud-vitalidad\/","title":{"rendered":"Ayurveda: Salud &#038; Vitalidad"},"content":{"rendered":"","protected":false},"excerpt":{"rendered":"<p>Durante miles de a\u00f1os, tanto los yogu\u012bs como la gente com\u00fan practicaron la ciencia m\u00e9dica del Ayurveda que, siendo la m\u00e1s antigua del mundo, precede inclusive a la muy conocida medicina china.<\/p>\n<p><strong>Ayurveda: Salud &amp; Vitalidad<\/strong><br \/>\nEste peque\u00f1o libro brinda conocimientos introductorios b\u00e1sicos sobre esta antigua ciencia medica \u2013 Ayurveda.<\/p>\n","protected":false},"featured_media":1466,"comment_status":"closed","ping_status":"closed","template":"","meta":{"_acf_changed":false},"product_brand":[],"product_cat":[70,77],"product_tag":[],"class_list":{"0":"post-1468","1":"product","2":"type-product","3":"status-publish","4":"has-post-thumbnail","6":"product_cat-libros","7":"product_cat-classics","8":"product_shipping_class-medium","10":"first","11":"instock","12":"shipping-taxable","13":"purchasable","14":"product-type-simple"},"acf":[],"_links":{"self":[{"href":"https:\/\/iskconmalaga.com\/boutique\/wp-json\/wp\/v2\/product\/1468","targetHints":{"allow":["GET"]}}],"collection":[{"href":"https:\/\/iskconmalaga.com\/boutique\/wp-json\/wp\/v2\/product"}],"about":[{"href":"https:\/\/iskconmalaga.com\/boutique\/wp-json\/wp\/v2\/types\/product"}],"replies":[{"embeddable":true,"href":"https:\/\/iskconmalaga.com\/boutique\/wp-json\/wp\/v2\/comments?post=1468"}],"version-history":[{"count":0,"href":"https:\/\/iskconmalaga.com\/boutique\/wp-json\/wp\/v2\/product\/1468\/revisions"}],"wp:featuredmedia":[{"embeddable":true,"href":"https:\/\/iskconmalaga.com\/boutique\/wp-json\/wp\/v2\/media\/1466"}],"wp:attachment":[{"href":"https:\/\/iskconmalaga.com\/boutique\/wp-json\/wp\/v2\/media?parent=1468"}],"wp:term":[{"taxonomy":"product_brand","embeddable":true,"href":"https:\/\/iskconmalaga.com\/boutique\/wp-json\/wp\/v2\/product_brand?post=1468"},{"taxonomy":"product_cat","embeddable":true,"href":"https:\/\/iskconmalaga.com\/boutique\/wp-json\/wp\/v2\/product_cat?post=1468"},{"taxonomy":"product_tag","embeddable":true,"href":"https:\/\/iskconmalaga.com\/boutique\/wp-json\/wp\/v2\/product_tag?post=1468"}],"curies":[{"name":"wp","href":"https:\/\/api.w.org\/{rel}","templated":true}]}}