{"id":1334,"date":"2024-12-14T06:26:30","date_gmt":"2024-12-14T05:26:30","guid":{"rendered":"https:\/\/iskconmalaga.com\/boutique\/?post_type=product&#038;p=1334"},"modified":"2025-11-17T18:04:34","modified_gmt":"2025-11-17T17:04:34","slug":"srila-prabhupada-lilamrta","status":"publish","type":"product","link":"https:\/\/iskconmalaga.com\/boutique\/product\/srila-prabhupada-lilamrta\/","title":{"rendered":"Srila Prabhup\u0101da Lil\u0101mrt\u0101"},"content":{"rendered":"","protected":false},"excerpt":{"rendered":"<p>SRILA PRABHUPADA-LILAMRTA &#8211; COLECCI\u00d3N COMPLETA &#8211; VOL\u00daMENES 1 AL 6 (Tapa blanda)<\/p>\n<p><span style=\"text-decoration: underline;\">Descripci\u00f3n general del libro<\/span><br \/>\nLa historia de una personalidad conocida y de un acontecimiento igualmente conocido. La personalidad es A.C. Bhaktivedanta Swami fil\u00f3sofo, erudito, l\u00edder religioso, santo. Este evento es un trasplante revolucionario de una cultura espiritual y atemporal de la antigua India al mundo occidental del siglo XX. Una historia asombrosa, conmovedora e instructiva que llamar\u00e1 tu atenci\u00f3n en cada p\u00e1gina de esta biograf\u00eda oficial y completa.<\/p>\n<p>&nbsp;<\/p>\n","protected":false},"featured_media":1335,"comment_status":"closed","ping_status":"closed","template":"","meta":{"_acf_changed":false},"product_brand":[],"product_cat":[71],"product_tag":[76],"class_list":{"0":"post-1334","1":"product","2":"type-product","3":"status-publish","4":"has-post-thumbnail","6":"product_cat-colecciones","7":"product_tag-collection","9":"first","10":"instock","11":"sale","12":"shipping-taxable","13":"purchasable","14":"product-type-simple"},"acf":[],"_links":{"self":[{"href":"https:\/\/iskconmalaga.com\/boutique\/wp-json\/wp\/v2\/product\/1334","targetHints":{"allow":["GET"]}}],"collection":[{"href":"https:\/\/iskconmalaga.com\/boutique\/wp-json\/wp\/v2\/product"}],"about":[{"href":"https:\/\/iskconmalaga.com\/boutique\/wp-json\/wp\/v2\/types\/product"}],"replies":[{"embeddable":true,"href":"https:\/\/iskconmalaga.com\/boutique\/wp-json\/wp\/v2\/comments?post=1334"}],"version-history":[{"count":0,"href":"https:\/\/iskconmalaga.com\/boutique\/wp-json\/wp\/v2\/product\/1334\/revisions"}],"wp:featuredmedia":[{"embeddable":true,"href":"https:\/\/iskconmalaga.com\/boutique\/wp-json\/wp\/v2\/media\/1335"}],"wp:attachment":[{"href":"https:\/\/iskconmalaga.com\/boutique\/wp-json\/wp\/v2\/media?parent=1334"}],"wp:term":[{"taxonomy":"product_brand","embeddable":true,"href":"https:\/\/iskconmalaga.com\/boutique\/wp-json\/wp\/v2\/product_brand?post=1334"},{"taxonomy":"product_cat","embeddable":true,"href":"https:\/\/iskconmalaga.com\/boutique\/wp-json\/wp\/v2\/product_cat?post=1334"},{"taxonomy":"product_tag","embeddable":true,"href":"https:\/\/iskconmalaga.com\/boutique\/wp-json\/wp\/v2\/product_tag?post=1334"}],"curies":[{"name":"wp","href":"https:\/\/api.w.org\/{rel}","templated":true}]}}