{"id":1324,"date":"2024-12-13T02:33:46","date_gmt":"2024-12-13T01:33:46","guid":{"rendered":"https:\/\/iskconmalaga.com\/boutique\/?post_type=product&#038;p=1324"},"modified":"2024-12-14T06:07:51","modified_gmt":"2024-12-14T05:07:51","slug":"krishna-la-fuente-del-placer-3-tomos","status":"publish","type":"product","link":"https:\/\/iskconmalaga.com\/boutique\/product\/krishna-la-fuente-del-placer-3-tomos\/","title":{"rendered":"Krishna, la fuente del placer (3 tomos)"},"content":{"rendered":"","protected":false},"excerpt":{"rendered":"<p>\u2018Krishna, la fuente del placer\u00bb es un libro escrito por A.C. Bhaktivedanta Swami Prabhupada, el fundador de la Sociedad Internacional para la Conciencia de Krishna (ISKCON) y uno de los principales exponentes del movimiento Hare Krishna en Occidente. El libro se centra en la figura de Krishna y explora su papel como la fuente \u00faltima de placer y felicidad.<\/p>\n<p>El libro presenta una visi\u00f3n profunda y detallada de la vida y ense\u00f1anzas de Krishna, basada en las escrituras sagradas hind\u00faes, especialmente en el Srimad Bhagavatam. A trav\u00e9s de historias, an\u00e9cdotas y explicaciones filos\u00f3ficas, el autor presenta a Krishna como la encarnaci\u00f3n suprema de la divinidad, que trae alegr\u00eda y felicidad a todos aquellos que lo adoran y siguen sus ense\u00f1anzas.<\/p>\n<p>Este libro le brindar\u00e1:<\/p>\n<p>Conocimiento espiritual: El libro ofrece una comprensi\u00f3n profunda de la filosof\u00eda y la espiritualidad hind\u00fa, especialmente en lo que respecta a la figura de Krishna.<br \/>\nInspiraci\u00f3n y motivaci\u00f3n: Las historias y ense\u00f1anzas de Krishna pueden inspirar y motivar a los lectores a vivir una vida m\u00e1s significativa y centrada en valores espirituales.<br \/>\nPaz interior y felicidad: Al entender la naturaleza trascendental de Krishna y su papel como la fuente \u00faltima de placer, los lectores pueden encontrar una mayor paz interior y felicidad en sus vidas.<br \/>\nConexi\u00f3n con la tradici\u00f3n hind\u00fa: Para aquellos interesados en la religi\u00f3n y la cultura hind\u00fa, este libro ofrece una visi\u00f3n profunda y aut\u00e9ntica de la figura de Krishna y su importancia en la tradici\u00f3n Gaudiya Vaishnava.<br \/>\nDesarrollo personal: Al explorar las ense\u00f1anzas de Krishna, los lectores pueden encontrar formas de mejorar su vida personal y espiritual, cultivando cualidades como la compasi\u00f3n, la devoci\u00f3n y la sabidur\u00eda.<br \/>\nEn resumen, \u00abKrishna, la fuente del placer\u00bb es un libro que ofrece una visi\u00f3n profunda y aut\u00e9ntica de la figura de Krishna y su importancia en la tradici\u00f3n Gaudiya Vaishnava, y puede proporcionar a los lectores conocimiento espiritual, inspiraci\u00f3n, paz interior y una mayor conexi\u00f3n con la tradici\u00f3n hind\u00fa.<\/p>\n","protected":false},"featured_media":1323,"comment_status":"closed","ping_status":"closed","template":"","meta":{"_acf_changed":false},"product_brand":[],"product_cat":[71],"product_tag":[76],"class_list":{"0":"post-1324","1":"product","2":"type-product","3":"status-publish","4":"has-post-thumbnail","6":"product_cat-colecciones","7":"product_tag-collection","9":"first","10":"instock","11":"shipping-taxable","12":"purchasable","13":"product-type-simple"},"acf":[],"_links":{"self":[{"href":"https:\/\/iskconmalaga.com\/boutique\/wp-json\/wp\/v2\/product\/1324","targetHints":{"allow":["GET"]}}],"collection":[{"href":"https:\/\/iskconmalaga.com\/boutique\/wp-json\/wp\/v2\/product"}],"about":[{"href":"https:\/\/iskconmalaga.com\/boutique\/wp-json\/wp\/v2\/types\/product"}],"replies":[{"embeddable":true,"href":"https:\/\/iskconmalaga.com\/boutique\/wp-json\/wp\/v2\/comments?post=1324"}],"version-history":[{"count":0,"href":"https:\/\/iskconmalaga.com\/boutique\/wp-json\/wp\/v2\/product\/1324\/revisions"}],"wp:featuredmedia":[{"embeddable":true,"href":"https:\/\/iskconmalaga.com\/boutique\/wp-json\/wp\/v2\/media\/1323"}],"wp:attachment":[{"href":"https:\/\/iskconmalaga.com\/boutique\/wp-json\/wp\/v2\/media?parent=1324"}],"wp:term":[{"taxonomy":"product_brand","embeddable":true,"href":"https:\/\/iskconmalaga.com\/boutique\/wp-json\/wp\/v2\/product_brand?post=1324"},{"taxonomy":"product_cat","embeddable":true,"href":"https:\/\/iskconmalaga.com\/boutique\/wp-json\/wp\/v2\/product_cat?post=1324"},{"taxonomy":"product_tag","embeddable":true,"href":"https:\/\/iskconmalaga.com\/boutique\/wp-json\/wp\/v2\/product_tag?post=1324"}],"curies":[{"name":"wp","href":"https:\/\/api.w.org\/{rel}","templated":true}]}}