{"id":1102,"date":"2022-06-28T14:50:38","date_gmt":"2022-06-28T12:50:38","guid":{"rendered":"https:\/\/iskconmalaga.com\/boutique\/?post_type=product&#038;p=1102"},"modified":"2023-09-20T00:38:27","modified_gmt":"2023-09-19T22:38:27","slug":"karma-cerrando-ciclos","status":"publish","type":"product","link":"https:\/\/iskconmalaga.com\/boutique\/product\/karma-cerrando-ciclos\/","title":{"rendered":"Karma Cerrando Ciclos"},"content":{"rendered":"","protected":false},"excerpt":{"rendered":"<p>La entidad viviente que se halla en el mundo material lleva de un cuerpo a otro sus diferentes concepciones de la vida, tal como el aire transporta los aromas. As\u00ed pues, ella adopta un tipo de cuerpo, y de nuevo lo deja para adoptar otro.<\/p>\n<p>Tomando as\u00ed otro cuerpo f\u00edsico, obtiene un cierto tipo de o\u00eddo, ojo, lengua, nariz y sentido del tacto, los cuales se agrupan alrededor de la mente. De esa manera, ella disfruta de un determinado conjunto de objetos de los sentidos<\/p>\n","protected":false},"featured_media":1108,"comment_status":"closed","ping_status":"closed","template":"","meta":{"_acf_changed":false},"product_brand":[],"product_cat":[71],"product_tag":[78],"class_list":{"0":"post-1102","1":"product","2":"type-product","3":"status-publish","4":"has-post-thumbnail","6":"product_cat-colecciones","7":"product_tag-spain","9":"first","10":"instock","11":"shipping-taxable","12":"purchasable","13":"product-type-simple"},"acf":[],"_links":{"self":[{"href":"https:\/\/iskconmalaga.com\/boutique\/wp-json\/wp\/v2\/product\/1102","targetHints":{"allow":["GET"]}}],"collection":[{"href":"https:\/\/iskconmalaga.com\/boutique\/wp-json\/wp\/v2\/product"}],"about":[{"href":"https:\/\/iskconmalaga.com\/boutique\/wp-json\/wp\/v2\/types\/product"}],"replies":[{"embeddable":true,"href":"https:\/\/iskconmalaga.com\/boutique\/wp-json\/wp\/v2\/comments?post=1102"}],"version-history":[{"count":0,"href":"https:\/\/iskconmalaga.com\/boutique\/wp-json\/wp\/v2\/product\/1102\/revisions"}],"wp:featuredmedia":[{"embeddable":true,"href":"https:\/\/iskconmalaga.com\/boutique\/wp-json\/wp\/v2\/media\/1108"}],"wp:attachment":[{"href":"https:\/\/iskconmalaga.com\/boutique\/wp-json\/wp\/v2\/media?parent=1102"}],"wp:term":[{"taxonomy":"product_brand","embeddable":true,"href":"https:\/\/iskconmalaga.com\/boutique\/wp-json\/wp\/v2\/product_brand?post=1102"},{"taxonomy":"product_cat","embeddable":true,"href":"https:\/\/iskconmalaga.com\/boutique\/wp-json\/wp\/v2\/product_cat?post=1102"},{"taxonomy":"product_tag","embeddable":true,"href":"https:\/\/iskconmalaga.com\/boutique\/wp-json\/wp\/v2\/product_tag?post=1102"}],"curies":[{"name":"wp","href":"https:\/\/api.w.org\/{rel}","templated":true}]}}